{"id":36335,"date":"2021-08-31T17:23:55","date_gmt":"2021-08-31T15:23:55","guid":{"rendered":"https:\/\/fedil.lu\/topics\/"},"modified":"2025-04-11T10:59:29","modified_gmt":"2025-04-11T08:59:29","slug":"unsere-themen","status":"publish","type":"page","link":"https:\/\/fedil.lu\/de\/unsere-themen\/","title":{"rendered":"Unsere Themen"},"content":{"rendered":"\n<div class=\"our-topics-block\">\n    <h1 class=\"our-topics__title\">\n        Unsere Themen\n    <\/h1>\n    <div class=\"our-topics__inner\">\n        <div class=\"our-topics__content\">\n            <h2 class=\"our-topics__subtitle\">\n                Wir arbeiten an einer Vielzahl von Zukunftsthemen.\n            <\/h2>\n            <div class=\"our-topics__text format-text\">\n                <span>FEDIL vertritt und spricht f\u00fcr \u00fcber 750 Unternehmen aller Gr\u00f6\u00dfen und in verschiedenen Branchen. Auch wenn sie unterschiedlich sind, brauchen diese Unternehmen alle die gleichen Grundvoraussetzungen, um zu wachsen und so zum Wohlstand der luxemburgischen Wirtschaft beizutragen. Unser Aktionsprogramm kann einen wesentlichen Beitrag zur Erreichung dieses Ziels eines nachhaltigen Wachstums leisten.<br \/>\r\n<br \/>\r\nDie Beratungst\u00e4tigkeit und das Dienstleistungsangebot der FEDIL f\u00fcr ihre Mitglieder sowie ihre Bem\u00fchungen um die F\u00f6rderung von Industrie und Unternehmertum sind auf eine Reihe von thematischen Achsen ausgerichtet, die an der Schnittstelle zwischen den Interessen der Unternehmen einerseits und den nationalen und internationalen sozio\u00f6konomischen Gegebenheiten andererseits liegen.<\/span>\n            <\/div>\n        <\/div>\n        <div class=\"our-topics__container\">\n            <div class=\"our-topics__media\">\n                <ul class=\"our-topics__media__list\">\n                                            <li class=\"our-topics__card\">\n                            <span class=\"our-topics__image-shape\">\n                                <img decoding=\"async\" src=\"https:\/\/fedil.lu\/wp-content\/uploads\/2017\/01\/BANNER_SUBJECT_DI-512x1024.png\" srcset=\"https:\/\/fedil.lu\/wp-content\/uploads\/2017\/01\/BANNER_SUBJECT_DI-240x480.png 500w, https:\/\/fedil.lu\/wp-content\/uploads\/2017\/01\/BANNER_SUBJECT_DI-512x1024.png 1000w\" class=\"our-topics__image\" loading=\"lazy\"  \/>\n                            <\/span>\n                            <a class=\"our-topics__media__card\" href=\"https:\/\/fedil.lu\/de\/topics\/digitalisierung-innovation\/\">\n                                <h2 class=\"our-topics__media__card__category\">Digitalisierung &#038; Innovation<\/h2>\n                                <div>\n                                    <span class=\"read-more-link read-more-link--white\">\n                                        <span class=\"read-more-link__text\">Entdecken<\/span>\n                                            <i class=\"icon icon--arrow-right read-more-link__icon\" style=\"\">\n        <span class=\"a11y__vo-only\"><\/span>\n        <svg tabindex=\"-1\" aria-hidden=\"true\" focusable=\"false\" ><use xlink:href=\"https:\/\/fedil.lu\/wp-content\/themes\/fedil-website\/assets\/dist\/images\/icons.svg?v=1.3.3#arrow-right\"\/><\/svg>\n    <\/i>\n                                    <\/span>\n                                <\/div>\n                            <\/a>\n                        <\/li>\n                                            <li class=\"our-topics__card\">\n                            <span class=\"our-topics__image-shape\">\n                                <img decoding=\"async\" src=\"https:\/\/fedil.lu\/wp-content\/uploads\/2017\/01\/BANNER_SUBJECT_EEE-512x1024.png\" srcset=\"https:\/\/fedil.lu\/wp-content\/uploads\/2017\/01\/BANNER_SUBJECT_EEE-240x480.png 500w, https:\/\/fedil.lu\/wp-content\/uploads\/2017\/01\/BANNER_SUBJECT_EEE-512x1024.png 1000w\" class=\"our-topics__image\" loading=\"lazy\"  \/>\n                            <\/span>\n                            <a class=\"our-topics__media__card\" href=\"https:\/\/fedil.lu\/de\/topics\/umwelt-energie\/\">\n                                <h2 class=\"our-topics__media__card__category\">Umwelt &#038; Energie<\/h2>\n                                <div>\n                                    <span class=\"read-more-link read-more-link--white\">\n                                        <span class=\"read-more-link__text\">Entdecken<\/span>\n                                            <i class=\"icon icon--arrow-right read-more-link__icon\" style=\"\">\n        <span class=\"a11y__vo-only\"><\/span>\n        <svg tabindex=\"-1\" aria-hidden=\"true\" focusable=\"false\" ><use xlink:href=\"https:\/\/fedil.lu\/wp-content\/themes\/fedil-website\/assets\/dist\/images\/icons.svg?v=1.3.3#arrow-right\"\/><\/svg>\n    <\/i>\n                                    <\/span>\n                                <\/div>\n                            <\/a>\n                        <\/li>\n                                            <li class=\"our-topics__card\">\n                            <span class=\"our-topics__image-shape\">\n                                <img decoding=\"async\" src=\"https:\/\/fedil.lu\/wp-content\/uploads\/2017\/01\/BANNER_SUBJECT_RTT-512x1024.png\" srcset=\"https:\/\/fedil.lu\/wp-content\/uploads\/2017\/01\/BANNER_SUBJECT_RTT-240x480.png 500w, https:\/\/fedil.lu\/wp-content\/uploads\/2017\/01\/BANNER_SUBJECT_RTT-512x1024.png 1000w\" class=\"our-topics__image\" loading=\"lazy\"  \/>\n                            <\/span>\n                            <a class=\"our-topics__media__card\" href=\"https:\/\/fedil.lu\/de\/topics\/arbeitsverhaltnisse-talente\/\">\n                                <h2 class=\"our-topics__media__card__category\">Arbeitsverh\u00e4ltnisse &#038; Talente<\/h2>\n                                <div>\n                                    <span class=\"read-more-link read-more-link--white\">\n                                        <span class=\"read-more-link__text\">Entdecken<\/span>\n                                            <i class=\"icon icon--arrow-right read-more-link__icon\" style=\"\">\n        <span class=\"a11y__vo-only\"><\/span>\n        <svg tabindex=\"-1\" aria-hidden=\"true\" focusable=\"false\" ><use xlink:href=\"https:\/\/fedil.lu\/wp-content\/themes\/fedil-website\/assets\/dist\/images\/icons.svg?v=1.3.3#arrow-right\"\/><\/svg>\n    <\/i>\n                                    <\/span>\n                                <\/div>\n                            <\/a>\n                        <\/li>\n                                    <\/ul>\n            <\/div>\n        <\/div>\n    <\/div>\n    <div class=\"our-topics__button-wrapper\">\n        <div class=\"our-topics__button\">\n            <span class=\"our-topics__button__text\">Ihre Suche befindet sich nicht in den Haupt\u00fcberschriften?<\/span>\n            <div class=\"our-topics__button__inner\">\n                <a class=\"read-more-link read-more-link--white\" href=\"https:\/\/fedil.lu\/de\/topics\/unsere-themen\/\">\n                    <h2 class=\"read-more-link__text\">Andere Themen<\/h2>\n                        <i class=\"icon icon--arrow-right read-more-link__icon\" style=\"\">\n        <span class=\"a11y__vo-only\"><\/span>\n        <svg tabindex=\"-1\" aria-hidden=\"true\" focusable=\"false\" ><use xlink:href=\"https:\/\/fedil.lu\/wp-content\/themes\/fedil-website\/assets\/dist\/images\/icons.svg?v=1.3.3#arrow-right\"\/><\/svg>\n    <\/i>\n                <\/a>\n            <\/div>\n        <\/div>\n    <\/div>\n<\/div>","protected":false},"excerpt":{"rendered":"","protected":false},"author":8,"featured_media":0,"parent":0,"menu_order":0,"comment_status":"closed","ping_status":"closed","template":"tpl-full-width.php","meta":{"_acf_changed":false,"footnotes":""},"class_list":["post-36335","page","type-page","status-publish","hentry"],"acf":[],"_links":{"self":[{"href":"https:\/\/fedil.lu\/de\/wp-json\/wp\/v2\/pages\/36335","targetHints":{"allow":["GET"]}}],"collection":[{"href":"https:\/\/fedil.lu\/de\/wp-json\/wp\/v2\/pages"}],"about":[{"href":"https:\/\/fedil.lu\/de\/wp-json\/wp\/v2\/types\/page"}],"author":[{"embeddable":true,"href":"https:\/\/fedil.lu\/de\/wp-json\/wp\/v2\/users\/8"}],"replies":[{"embeddable":true,"href":"https:\/\/fedil.lu\/de\/wp-json\/wp\/v2\/comments?post=36335"}],"version-history":[{"count":14,"href":"https:\/\/fedil.lu\/de\/wp-json\/wp\/v2\/pages\/36335\/revisions"}],"predecessor-version":[{"id":70452,"href":"https:\/\/fedil.lu\/de\/wp-json\/wp\/v2\/pages\/36335\/revisions\/70452"}],"wp:attachment":[{"href":"https:\/\/fedil.lu\/de\/wp-json\/wp\/v2\/media?parent=36335"}],"curies":[{"name":"wp","href":"https:\/\/api.w.org\/{rel}","templated":true}]}}