{"id":36349,"date":"2021-09-08T14:37:08","date_gmt":"2021-09-08T12:37:08","guid":{"rendered":"https:\/\/fedil.lu\/login\/"},"modified":"2022-01-21T13:28:48","modified_gmt":"2022-01-21T12:28:48","slug":"login","status":"publish","type":"page","link":"https:\/\/fedil.lu\/de\/login\/","title":{"rendered":"Login"},"content":{"rendered":"\n    <div class=\"login-block\">\n        <div class=\"login__member-info\">\n            <div class=\"login__member-info__inner\">\n                <div class=\"login__member-info__title\">\n                    Login f\u00fcr Mitglieder\n                <\/div>\n                                    <div style=\"color: #FF4749;\">Les cookies requis doivent \u00eatre accept\u00e9s avant de pouvoir vous connecter \u00e0 l&#039;espace membres.<\/div>\n                            <\/div>\n\n        <\/div>\n        <div class=\"login__details\">\n                <i class=\"icon icon--home-herosection-all-shapes login__details__icon\" style=\"\">\n        <span class=\"a11y__vo-only\"><\/span>\n        <svg tabindex=\"-1\" aria-hidden=\"true\" focusable=\"false\" ><use xlink:href=\"https:\/\/fedil.lu\/wp-content\/themes\/fedil-website\/assets\/dist\/images\/geometrical-shapes.svg?v=1.3.3#home-herosection-all-shapes\"\/><\/svg>\n    <\/i>\n            <div class=\"login__details-wrapper\">\n                <div class=\"login__details__inner-wrapper\">\n                    <div class=\"login__details__inner\">\n                        <div class=\"login__details__title\">\n                            Mitglied werden\n                        <\/div>\n                        <div class=\"login__details__intro\">\n                            Unsere Kraft liegt in unserer einzigartigen F\u00e4higkeit, ein leistungsf\u00e4higes \u00d6kosystem zu mobilisieren, um die Entwicklung unternehmerischer Projekte unserer Mitglieder zu unterst\u00fctzen. Diese Kraftleistung wird dank:\n                        <\/div>\n                        <ul class=\"login__details__items\">\n                                                            <li class=\"login__details__item\">\n                                    <span class=\"login__details__item__number\">1<\/span>\n                                    <span>Unser entschlossener proaktiver Ansatz f\u00fcr wirtschaftliche, soziale, \u00f6kologische und technologische Fragen.<\/span>\n                                <\/li>\n                                                            <li class=\"login__details__item\">\n                                    <span class=\"login__details__item__number\">2<\/span>\n                                    <span>Die Vielfalt und Exzellenz von Profilen, die unseren erfahrenen Hub charakterisieren, egal ob es sich um sektorale Fragen oder ein operatives Management handelt.<\/span>\n                                <\/li>\n                                                            <li class=\"login__details__item\">\n                                    <span class=\"login__details__item__number\">3<\/span>\n                                    <span>Unsere Netzwerkkapazit\u00e4t auf h\u00f6chstem Niveau in Luxemburg und international.<\/span>\n                                <\/li>\n                                                            <li class=\"login__details__item\">\n                                    <span class=\"login__details__item__number\">4<\/span>\n                                    <span>Unser Engagement beim Schutz der Interessen unserer Mitglieder und ihrer Talente international.<\/span>\n                                <\/li>\n                                                    <\/ul>\n                    <\/div>\n                <\/div>\n                <div class=\"login__details__button\">\n                    <a class=\"button\" href=\"http:\/\/fedil.lu\/de\/mitglied-werden\/\">\n                        Mitglied werden\n                    <\/a>\n                <\/div>\n            <\/div>\n        <\/div>\n    <\/div>\n","protected":false},"excerpt":{"rendered":"","protected":false},"author":8,"featured_media":0,"parent":0,"menu_order":0,"comment_status":"closed","ping_status":"closed","template":"tpl-full-width.php","meta":{"_acf_changed":false,"footnotes":""},"class_list":["post-36349","page","type-page","status-publish","hentry"],"acf":[],"_links":{"self":[{"href":"https:\/\/fedil.lu\/de\/wp-json\/wp\/v2\/pages\/36349","targetHints":{"allow":["GET"]}}],"collection":[{"href":"https:\/\/fedil.lu\/de\/wp-json\/wp\/v2\/pages"}],"about":[{"href":"https:\/\/fedil.lu\/de\/wp-json\/wp\/v2\/types\/page"}],"author":[{"embeddable":true,"href":"https:\/\/fedil.lu\/de\/wp-json\/wp\/v2\/users\/8"}],"replies":[{"embeddable":true,"href":"https:\/\/fedil.lu\/de\/wp-json\/wp\/v2\/comments?post=36349"}],"version-history":[{"count":4,"href":"https:\/\/fedil.lu\/de\/wp-json\/wp\/v2\/pages\/36349\/revisions"}],"predecessor-version":[{"id":41700,"href":"https:\/\/fedil.lu\/de\/wp-json\/wp\/v2\/pages\/36349\/revisions\/41700"}],"wp:attachment":[{"href":"https:\/\/fedil.lu\/de\/wp-json\/wp\/v2\/media?parent=36349"}],"curies":[{"name":"wp","href":"https:\/\/api.w.org\/{rel}","templated":true}]}}