{"id":36348,"date":"2021-09-08T14:37:08","date_gmt":"2021-09-08T12:37:08","guid":{"rendered":"https:\/\/fedil.lu\/login\/"},"modified":"2022-01-21T13:31:45","modified_gmt":"2022-01-21T12:31:45","slug":"login","status":"publish","type":"page","link":"https:\/\/fedil.lu\/en\/login\/","title":{"rendered":"Login"},"content":{"rendered":"\n    <div class=\"login-block\">\n        <div class=\"login__member-info\">\n            <div class=\"login__member-info__inner\">\n                <div class=\"login__member-info__title\">\n                    Member Login\n                <\/div>\n                                    <div style=\"color: #FF4749;\">Les cookies requis doivent \u00eatre accept\u00e9s avant de pouvoir vous connecter \u00e0 l&#039;espace membres.<\/div>\n                            <\/div>\n\n        <\/div>\n        <div class=\"login__details\">\n                <i class=\"icon icon--home-herosection-all-shapes login__details__icon\" style=\"\">\n        <span class=\"a11y__vo-only\"><\/span>\n        <svg tabindex=\"-1\" aria-hidden=\"true\" focusable=\"false\" ><use xlink:href=\"https:\/\/fedil.lu\/wp-content\/themes\/fedil-website\/assets\/dist\/images\/geometrical-shapes.svg?v=1.3.3#home-herosection-all-shapes\"\/><\/svg>\n    <\/i>\n            <div class=\"login__details-wrapper\">\n                <div class=\"login__details__inner-wrapper\">\n                    <div class=\"login__details__inner\">\n                        <div class=\"login__details__title\">\n                            Become a member\n                        <\/div>\n                        <div class=\"login__details__intro\">\n                            Our strength lies in our unique ability to mobilize a powerful ecosystem to support the development of entrepreneurial projects of our members. This power of action is made possible thanks to:\n                        <\/div>\n                        <ul class=\"login__details__items\">\n                                                            <li class=\"login__details__item\">\n                                    <span class=\"login__details__item__number\">1<\/span>\n                                    <span>Our resolutely proactive approach to economic, social, environmental and technological issues.<\/span>\n                                <\/li>\n                                                            <li class=\"login__details__item\">\n                                    <span class=\"login__details__item__number\">2<\/span>\n                                    <span>The diversity and excellence of profiles that characterize our expert hub, whether it is on sectoral issues or operational management.<\/span>\n                                <\/li>\n                                                            <li class=\"login__details__item\">\n                                    <span class=\"login__details__item__number\">3<\/span>\n                                    <span>Our networking capacity at the highest level in Luxembourg and internationally.<\/span>\n                                <\/li>\n                                                            <li class=\"login__details__item\">\n                                    <span class=\"login__details__item__number\">4<\/span>\n                                    <span>Our level of engagement in protecting the interests of our members and their talents internationally.<\/span>\n                                <\/li>\n                                                    <\/ul>\n                    <\/div>\n                <\/div>\n                <div class=\"login__details__button\">\n                    <a class=\"button\" href=\"http:\/\/fedil.lu\/en\/become-a-member\/\">\n                        Become a member\n                    <\/a>\n                <\/div>\n            <\/div>\n        <\/div>\n    <\/div>\n","protected":false},"excerpt":{"rendered":"","protected":false},"author":8,"featured_media":0,"parent":0,"menu_order":0,"comment_status":"closed","ping_status":"closed","template":"tpl-full-width.php","meta":{"_acf_changed":false,"footnotes":""},"class_list":["post-36348","page","type-page","status-publish","hentry"],"acf":[],"_links":{"self":[{"href":"https:\/\/fedil.lu\/en\/wp-json\/wp\/v2\/pages\/36348","targetHints":{"allow":["GET"]}}],"collection":[{"href":"https:\/\/fedil.lu\/en\/wp-json\/wp\/v2\/pages"}],"about":[{"href":"https:\/\/fedil.lu\/en\/wp-json\/wp\/v2\/types\/page"}],"author":[{"embeddable":true,"href":"https:\/\/fedil.lu\/en\/wp-json\/wp\/v2\/users\/8"}],"replies":[{"embeddable":true,"href":"https:\/\/fedil.lu\/en\/wp-json\/wp\/v2\/comments?post=36348"}],"version-history":[{"count":5,"href":"https:\/\/fedil.lu\/en\/wp-json\/wp\/v2\/pages\/36348\/revisions"}],"predecessor-version":[{"id":41703,"href":"https:\/\/fedil.lu\/en\/wp-json\/wp\/v2\/pages\/36348\/revisions\/41703"}],"wp:attachment":[{"href":"https:\/\/fedil.lu\/en\/wp-json\/wp\/v2\/media?parent=36348"}],"curies":[{"name":"wp","href":"https:\/\/api.w.org\/{rel}","templated":true}]}}