{"id":37959,"date":"2017-01-10T16:56:39","date_gmt":"2017-01-10T15:56:39","guid":{"rendered":"https:\/\/fedil.lu\/our-network-3\/"},"modified":"2024-03-06T10:38:53","modified_gmt":"2024-03-06T09:38:53","slug":"sectoral-associations","status":"publish","type":"page","link":"https:\/\/fedil.lu\/en\/sectoral-associations\/","title":{"rendered":"Sectoral Associations"},"content":{"rendered":"<div class=\"external-link-block\">\n    <h1 class=\"external-link-block__title\">\n        Sectoral Associations\n    <\/h1>\n    <div class=\"external-link-block__text\">\n        Within FEDIL, companies from the same sector can group together in sectoral associations. Currently, FEDIL hosts 22 sectoral associations, which it monitors and provides the secretariat for.\n    <\/div>\n    <div class=\"external-link-block__section-items\">\n                     <div class=\"external-link-card\">\n    <div class=\"external-link-card__details\">\n        <h2 class=\"external-link-card__title\">\n            Association laiti\u00e8re luxembourgeoise\n        <\/h2>\n            <\/div>\n\n    <p class=\"external-link-card__address\">\n        7, rue Alcide de Gasperi, Luxembourg-Kirchberg &#8211; Bo\u00eete postale 1304, L-1013 Luxembourg\n    <\/p>\n\n    <p class=\"external-link-card__phone\">\n        +352 43 53 66-1\n    <\/p>\n\n     <a href=\"mailto:fedil@fedil.lu \" target=\"_blank\" class=\"external-link-card__email js-external-link-card__email\">\n         fedil@fedil.lu \n     <\/a>\n\n\n     <div>\n         <a class=\"external-link-card__website\" target=\"_blank\" href=\"\" >\n             \n         <\/a>\n     <\/div>\n\n<\/div>\n                     <div class=\"external-link-card\">\n    <div class=\"external-link-card__details\">\n        <h2 class=\"external-link-card__title\">\n            Cloud Community Europe &#8211; Luxembourg\n        <\/h2>\n            <\/div>\n\n    <p class=\"external-link-card__address\">\n        7, rue Alcide de Gasperi, Luxembourg-Kirchberg &#8211; Bo\u00eete postale 1304, L-1013 Luxembourg\n    <\/p>\n\n    <p class=\"external-link-card__phone\">\n        +352 43 53 66-1\n    <\/p>\n\n     <a href=\"mailto:celine.tarraube@fedil.lu\" target=\"_blank\" class=\"external-link-card__email js-external-link-card__email\">\n         celine.tarraube@fedil.lu\n     <\/a>\n\n\n     <div>\n         <a class=\"external-link-card__website\" target=\"_blank\" href=\"https:\/\/cloudcommunityeurope.lu\/\" >\n             https:\/\/cloudcommunityeurope.lu\/\n         <\/a>\n     <\/div>\n\n<\/div>\n                     <div class=\"external-link-card\">\n    <div class=\"external-link-card__details\">\n        <h2 class=\"external-link-card__title\">\n            F\u00e9d\u00e9ration des industries agro-alimentaires luxembourgeoises (FIAL)\n        <\/h2>\n                    <h3 class=\"external-link-card__description\">\n                affili\u00e9e \u00e0 FoodDrinkEurope\n            <\/h3>\n            <\/div>\n\n    <p class=\"external-link-card__address\">\n        7, rue Alcide de Gasperi, Luxembourg-Kirchberg &#8211; Bo\u00eete postale 1304, L-1013 Luxembourg\r\n\n    <\/p>\n\n    <p class=\"external-link-card__phone\">\n        +352 43 53 66-609\n    <\/p>\n\n     <a href=\"mailto:jean-marc.zahlen@fedil.lu\" target=\"_blank\" class=\"external-link-card__email js-external-link-card__email\">\n         jean-marc.zahlen@fedil.lu\n     <\/a>\n\n\n     <div>\n         <a class=\"external-link-card__website\" target=\"_blank\" href=\"http:\/\/www.fooddrinkeurope.eu\" >\n             http:\/\/www.fooddrinkeurope.eu\n         <\/a>\n     <\/div>\n\n<\/div>\n                     <div class=\"external-link-card\">\n    <div class=\"external-link-card__details\">\n        <h2 class=\"external-link-card__title\">\n            F\u00e9d\u00e9ration luxembourgeoise des entreprises d&#039;assainissement (FLEA)\n        <\/h2>\n            <\/div>\n\n    <p class=\"external-link-card__address\">\n        7, rue Alcide de Gasperi, Luxembourg-Kirchberg &#8211; Bo\u00eete postale 1304, L-1013 Luxembourg\n    <\/p>\n\n    <p class=\"external-link-card__phone\">\n        +352 43 53 66-1\n    <\/p>\n\n     <a href=\"mailto:flea@fedil.lu \" target=\"_blank\" class=\"external-link-card__email js-external-link-card__email\">\n         flea@fedil.lu \n     <\/a>\n\n\n     <div>\n         <a class=\"external-link-card__website\" target=\"_blank\" href=\"http:\/\/www.flea.lu\" >\n             http:\/\/www.flea.lu\n         <\/a>\n     <\/div>\n\n<\/div>\n                     <div class=\"external-link-card\">\n    <div class=\"external-link-card__details\">\n        <h2 class=\"external-link-card__title\">\n            F\u00e9d\u00e9ration luxembourgeoise des Vins et Spiritueux\n        <\/h2>\n            <\/div>\n\n    <p class=\"external-link-card__address\">\n        7, rue Alcide de Gasperi, Luxembourg-Kirchberg &#8211; Bo\u00eete postale 1304, L-1013 Luxembourg\r\n\n    <\/p>\n\n    <p class=\"external-link-card__phone\">\n        +352 43 53 66-1\n    <\/p>\n\n     <a href=\"mailto:fedil@fedil.lu\" target=\"_blank\" class=\"external-link-card__email js-external-link-card__email\">\n         fedil@fedil.lu\n     <\/a>\n\n\n     <div>\n         <a class=\"external-link-card__website\" target=\"_blank\" href=\"\" >\n             \n         <\/a>\n     <\/div>\n\n<\/div>\n                     <div class=\"external-link-card\">\n    <div class=\"external-link-card__details\">\n        <h2 class=\"external-link-card__title\">\n            Federation for recruitment, search &amp; selection (fr2s)\n        <\/h2>\n                    <h3 class=\"external-link-card__description\">\n                affili\u00e9e \u00e0 European Confederation of Search &#038; Selection Associations (ECSSA)\n            <\/h3>\n            <\/div>\n\n    <p class=\"external-link-card__address\">\n        7, rue Alcide de Gasperi, Luxembourg-Kirchberg &#8211; Bo\u00eete postale 1304, L-1013 Luxembourg\n    <\/p>\n\n    <p class=\"external-link-card__phone\">\n        +352 43 53 66-640\n    <\/p>\n\n     <a href=\"mailto:contact@fr2s.lu\" target=\"_blank\" class=\"external-link-card__email js-external-link-card__email\">\n         contact@fr2s.lu\n     <\/a>\n\n\n     <div>\n         <a class=\"external-link-card__website\" target=\"_blank\" href=\"http:\/\/www.fr2s.lu\" >\n             http:\/\/www.fr2s.lu\n         <\/a>\n     <\/div>\n\n<\/div>\n                     <div class=\"external-link-card\">\n    <div class=\"external-link-card__details\">\n        <h2 class=\"external-link-card__title\">\n            FEDIL Barging\n        <\/h2>\n                    <h3 class=\"external-link-card__description\">\n                affili\u00e9e \u00e0 l&#8217;Union europ\u00e9enne de la navigation fluviale\n            <\/h3>\n            <\/div>\n\n    <p class=\"external-link-card__address\">\n        7, rue Alcide de Gasperi, Luxembourg-Kirchberg &#8211; Bo\u00eete postale 1304, L-1013 Luxembourg\n    <\/p>\n\n    <p class=\"external-link-card__phone\">\n        +352 43 53 66-609\n    <\/p>\n\n     <a href=\"mailto:marc.kieffer@fedil.lu\" target=\"_blank\" class=\"external-link-card__email js-external-link-card__email\">\n         marc.kieffer@fedil.lu\n     <\/a>\n\n\n     <div>\n         <a class=\"external-link-card__website\" target=\"_blank\" href=\"http:\/\/www.ebu-uenf.org\" >\n             http:\/\/www.ebu-uenf.org\n         <\/a>\n     <\/div>\n\n<\/div>\n                     <div class=\"external-link-card\">\n    <div class=\"external-link-card__details\">\n        <h2 class=\"external-link-card__title\">\n            FEDIL Bois\n        <\/h2>\n            <\/div>\n\n    <p class=\"external-link-card__address\">\n        7, rue Alcide de Gasperi, Luxembourg-Kirchberg &#8211; Bo\u00eete postale 1304, L-1013 Luxembourg\n    <\/p>\n\n    <p class=\"external-link-card__phone\">\n        +352 43 53 66-1\n    <\/p>\n\n     <a href=\"mailto:fedil@fedil.lu\" target=\"_blank\" class=\"external-link-card__email js-external-link-card__email\">\n         fedil@fedil.lu\n     <\/a>\n\n\n     <div>\n         <a class=\"external-link-card__website\" target=\"_blank\" href=\"https:\/\/bois.fedil.lu\/\" >\n             https:\/\/bois.fedil.lu\/\n         <\/a>\n     <\/div>\n\n<\/div>\n                     <div class=\"external-link-card\">\n    <div class=\"external-link-card__details\">\n        <h2 class=\"external-link-card__title\">\n            FEDIL Catering\n        <\/h2>\n                    <h3 class=\"external-link-card__description\">\n                affili\u00e9e \u00e0 FOODSERVICEEUROPE\n            <\/h3>\n            <\/div>\n\n    <p class=\"external-link-card__address\">\n        7, rue Alcide de Gasperi, Luxembourg-Kirchberg &#8211; Bo\u00eete postale 1304, L-1013 Luxembourg\n    <\/p>\n\n    <p class=\"external-link-card__phone\">\n        +352 43 53 66-609\n    <\/p>\n\n     <a href=\"mailto:marc.kieffer@fedil.lu\" target=\"_blank\" class=\"external-link-card__email js-external-link-card__email\">\n         marc.kieffer@fedil.lu\n     <\/a>\n\n\n     <div>\n         <a class=\"external-link-card__website\" target=\"_blank\" href=\"http:\/\/www.foodserviceeurope.org\/\" >\n             http:\/\/www.foodserviceeurope.org\/\n         <\/a>\n     <\/div>\n\n<\/div>\n                     <div class=\"external-link-card\">\n    <div class=\"external-link-card__details\">\n        <h2 class=\"external-link-card__title\">\n            FEDIL Employment Services (FES)\n        <\/h2>\n                    <h3 class=\"external-link-card__description\">\n                affili\u00e9e \u00e0 la World Employment Confederation\n            <\/h3>\n            <\/div>\n\n    <p class=\"external-link-card__address\">\n        7, rue Alcide de Gasperi, Luxembourg-Kirchberg &#8211; Bo\u00eete postale 1304, L-1013 Luxembourg\n    <\/p>\n\n    <p class=\"external-link-card__phone\">\n        +352 661 450 174\n    <\/p>\n\n     <a href=\"mailto:info@fes.lu\" target=\"_blank\" class=\"external-link-card__email js-external-link-card__email\">\n         info@fes.lu\n     <\/a>\n\n\n     <div>\n         <a class=\"external-link-card__website\" target=\"_blank\" href=\"http:\/\/www.fes.lu\" >\n             http:\/\/www.fes.lu\n         <\/a>\n     <\/div>\n\n<\/div>\n                     <div class=\"external-link-card\">\n    <div class=\"external-link-card__details\">\n        <h2 class=\"external-link-card__title\">\n            FEDIL Metal\n        <\/h2>\n                    <h3 class=\"external-link-card__description\">\n                affili\u00e9e \u00e0 ORGALIM\n            <\/h3>\n            <\/div>\n\n    <p class=\"external-link-card__address\">\n        7, rue Alcide de Gasperi, Luxembourg-Kirchberg &#8211; Bo\u00eete postale 1304, L-1013 Luxembourg\r\n\n    <\/p>\n\n    <p class=\"external-link-card__phone\">\n        +352 43 53 66-1\n    <\/p>\n\n     <a href=\"mailto:fedil@fedil.lu\" target=\"_blank\" class=\"external-link-card__email js-external-link-card__email\">\n         fedil@fedil.lu\n     <\/a>\n\n\n     <div>\n         <a class=\"external-link-card__website\" target=\"_blank\" href=\"http:\/\/www.orgalim.eu\" >\n             http:\/\/www.orgalim.eu\n         <\/a>\n     <\/div>\n\n<\/div>\n                     <div class=\"external-link-card\">\n    <div class=\"external-link-card__details\">\n        <h2 class=\"external-link-card__title\">\n            FEDIL Security Services\n        <\/h2>\n                    <h3 class=\"external-link-card__description\">\n                affili\u00e9e \u00e0 Confederation of European Security Services (CoESS)\n            <\/h3>\n            <\/div>\n\n    <p class=\"external-link-card__address\">\n        7, rue Alcide de Gasperi, Luxembourg-Kirchberg &#8211; Bo\u00eete postale 1304, L-1013 Luxembourg\r\n\r\n\n    <\/p>\n\n    <p class=\"external-link-card__phone\">\n        +352 43 53 66-1\n    <\/p>\n\n     <a href=\"mailto:fedil@fedil.lu\" target=\"_blank\" class=\"external-link-card__email js-external-link-card__email\">\n         fedil@fedil.lu\n     <\/a>\n\n\n     <div>\n         <a class=\"external-link-card__website\" target=\"_blank\" href=\"\" >\n             \n         <\/a>\n     <\/div>\n\n<\/div>\n                     <div class=\"external-link-card\">\n    <div class=\"external-link-card__details\">\n        <h2 class=\"external-link-card__title\">\n            FEDIL Shipping\n        <\/h2>\n                    <h3 class=\"external-link-card__description\">\n                affili\u00e9e \u00e0 International Chamber of Shipping (ICS) et EUROPEAN COMMUNITY SHIPOWNERS\u2019 ASSOCIATIONS (ECSA) \n            <\/h3>\n            <\/div>\n\n    <p class=\"external-link-card__address\">\n        7, rue Alcide de Gasperi, Luxembourg-Kirchberg &#8211; Bo\u00eete postale 1304, L-1013 Luxembourg\n    <\/p>\n\n    <p class=\"external-link-card__phone\">\n        +352 43 53 66-609\n    <\/p>\n\n     <a href=\"mailto:ella.gredie@fedil.lu\" target=\"_blank\" class=\"external-link-card__email js-external-link-card__email\">\n         ella.gredie@fedil.lu\n     <\/a>\n\n\n     <div>\n         <a class=\"external-link-card__website\" target=\"_blank\" href=\"https:\/\/www.ics-shipping.org\/about-ics\/\" >\n             https:\/\/www.ics-shipping.org\/about-ics\/\n         <\/a>\n     <\/div>\n\n<\/div>\n                     <div class=\"external-link-card\">\n    <div class=\"external-link-card__details\">\n        <h2 class=\"external-link-card__title\">\n            FEDIL Steelconstruction\n        <\/h2>\n                    <h3 class=\"external-link-card__description\">\n                affili\u00e9e \u00e0 la Convention europ\u00e9enne de la construction m\u00e9tallique (CECEM-ECCS)\n            <\/h3>\n            <\/div>\n\n    <p class=\"external-link-card__address\">\n        7, rue Alcide de Gasperi, Luxembourg-Kirchberg &#8211; Bo\u00eete postale 1304, L-1013 Luxembourg\r\n\n    <\/p>\n\n    <p class=\"external-link-card__phone\">\n        +352 43 53 66-1\n    <\/p>\n\n     <a href=\"mailto:steelconstruction@fedil.lu\" target=\"_blank\" class=\"external-link-card__email js-external-link-card__email\">\n         steelconstruction@fedil.lu\n     <\/a>\n\n\n     <div>\n         <a class=\"external-link-card__website\" target=\"_blank\" href=\"http:\/\/www.steelconstruction.lu\" >\n             http:\/\/www.steelconstruction.lu\n         <\/a>\n     <\/div>\n\n<\/div>\n                     <div class=\"external-link-card\">\n    <div class=\"external-link-card__details\">\n        <h2 class=\"external-link-card__title\">\n            Finance &amp; Technology Luxembourg (FTL)\n        <\/h2>\n            <\/div>\n\n    <p class=\"external-link-card__address\">\n        7, rue Alcide de Gasperi, Luxembourg-Kirchberg &#8211; Bo\u00eete postale 1304, L-1013 Luxembourg\n    <\/p>\n\n    <p class=\"external-link-card__phone\">\n        +352 43 53 66-1\n    <\/p>\n\n     <a href=\"mailto:info@financeandtechnology.lu\" target=\"_blank\" class=\"external-link-card__email js-external-link-card__email\">\n         info@financeandtechnology.lu\n     <\/a>\n\n\n     <div>\n         <a class=\"external-link-card__website\" target=\"_blank\" href=\"http:\/\/www.financeandtechnology.lu\" >\n             http:\/\/www.financeandtechnology.lu\n         <\/a>\n     <\/div>\n\n<\/div>\n                     <div class=\"external-link-card\">\n    <div class=\"external-link-card__details\">\n        <h2 class=\"external-link-card__title\">\n            Groupement des entrepreneurs du b\u00e2timent et des travaux publics\n        <\/h2>\n                    <h3 class=\"external-link-card__description\">\n                affili\u00e9 \u00e0 la F\u00e9d\u00e9ration de l&#8217;industrie europ\u00e9enne de la construction\n            <\/h3>\n            <\/div>\n\n    <p class=\"external-link-card__address\">\n        7, rue Alcide de Gasperi, Luxembourg-Kirchberg &#8211; Bo\u00eete postale 1304, L-1013 Luxembourg\r\n\n    <\/p>\n\n    <p class=\"external-link-card__phone\">\n        +352 43 60 24 \/ +352 43 53 66-623\n    <\/p>\n\n     <a href=\"mailto:group.entrepreneurs@fedil.lu\" target=\"_blank\" class=\"external-link-card__email js-external-link-card__email\">\n         group.entrepreneurs@fedil.lu\n     <\/a>\n\n\n     <div>\n         <a class=\"external-link-card__website\" target=\"_blank\" href=\"http:\/\/groupement.lu\/\" >\n             http:\/\/groupement.lu\/\n         <\/a>\n     <\/div>\n\n<\/div>\n                     <div class=\"external-link-card\">\n    <div class=\"external-link-card__details\">\n        <h2 class=\"external-link-card__title\">\n            Groupement des services a\u00e9roportuaires Findel (GSAF)\n        <\/h2>\n            <\/div>\n\n    <p class=\"external-link-card__address\">\n        7, rue Alcide de Gasperi, Luxembourg-Kirchberg &#8211; Bo\u00eete postale 1304, L-1013 Luxembourg\n    <\/p>\n\n    <p class=\"external-link-card__phone\">\n        +352 43 53 66-1\n    <\/p>\n\n     <a href=\"mailto:fedil@fedil.lu\" target=\"_blank\" class=\"external-link-card__email js-external-link-card__email\">\n         fedil@fedil.lu\n     <\/a>\n\n\n     <div>\n         <a class=\"external-link-card__website\" target=\"_blank\" href=\"\" >\n             \n         <\/a>\n     <\/div>\n\n<\/div>\n                     <div class=\"external-link-card\">\n    <div class=\"external-link-card__details\">\n        <h2 class=\"external-link-card__title\">\n            Groupement \u00c9nergies Mobilit\u00e9 Luxembourg (GEML)\n        <\/h2>\n                    <h3 class=\"external-link-card__description\">\n                affili\u00e9 \u00e0 FuelsEurope\n            <\/h3>\n            <\/div>\n\n    <p class=\"external-link-card__address\">\n        7, rue Alcide de Gasperi, Luxembourg-Kirchberg &#8211; Bo\u00eete postale 1304, L-1013 Luxembourg\r\n\n    <\/p>\n\n    <p class=\"external-link-card__phone\">\n        +352 43 53 66-615\n    <\/p>\n\n     <a href=\"mailto:group.petrol@fedil.lu\" target=\"_blank\" class=\"external-link-card__email js-external-link-card__email\">\n         group.petrol@fedil.lu\n     <\/a>\n\n\n     <div>\n         <a class=\"external-link-card__website\" target=\"_blank\" href=\"http:\/\/www.petrol.lu\" >\n             http:\/\/www.petrol.lu\n         <\/a>\n     <\/div>\n\n<\/div>\n                     <div class=\"external-link-card\">\n    <div class=\"external-link-card__details\">\n        <h2 class=\"external-link-card__title\">\n            Groupement luxembourgeois de l&#039;a\u00e9ronautique et de l&#039;espace (GLAE)\n        <\/h2>\n            <\/div>\n\n    <p class=\"external-link-card__address\">\n        7, rue Alcide de Gasperi, Luxembourg-Kirchberg &#8211; Bo\u00eete postale 1304, L-1013 Luxembourg\n    <\/p>\n\n    <p class=\"external-link-card__phone\">\n        +352 43 53 66-1\n    <\/p>\n\n     <a href=\"mailto:glae@fedil.lu\" target=\"_blank\" class=\"external-link-card__email js-external-link-card__email\">\n         glae@fedil.lu\n     <\/a>\n\n\n     <div>\n         <a class=\"external-link-card__website\" target=\"_blank\" href=\"http:\/\/www.glae.lu\" >\n             http:\/\/www.glae.lu\n         <\/a>\n     <\/div>\n\n<\/div>\n                     <div class=\"external-link-card\">\n    <div class=\"external-link-card__details\">\n        <h2 class=\"external-link-card__title\">\n            Industrie luxembourgeoise des \u00e9quipementiers de l&#039;automobile (ILEA)\n        <\/h2>\n                    <h3 class=\"external-link-card__description\">\n                affili\u00e9e \u00e0 la CLEPA &#8211; European Association of Automotive Suppliers\n            <\/h3>\n            <\/div>\n\n    <p class=\"external-link-card__address\">\n        7, rue Alcide de Gasperi, Luxembourg-Kirchberg &#8211; Bo\u00eete postale 1304, L-1013 Luxembourg\n    <\/p>\n\n    <p class=\"external-link-card__phone\">\n        \n    <\/p>\n\n     <a href=\"mailto:ilea@fedil.lu\" target=\"_blank\" class=\"external-link-card__email js-external-link-card__email\">\n         ilea@fedil.lu\n     <\/a>\n\n\n     <div>\n         <a class=\"external-link-card__website\" target=\"_blank\" href=\"http:\/\/www.ilea.lu\" >\n             http:\/\/www.ilea.lu\n         <\/a>\n     <\/div>\n\n<\/div>\n                     <div class=\"external-link-card\">\n    <div class=\"external-link-card__details\">\n        <h2 class=\"external-link-card__title\">\n            FEDIL Health Corporations\n        <\/h2>\n            <\/div>\n\n    <p class=\"external-link-card__address\">\n        7, rue Alcide de Gasperi, Luxembourg-Kirchberg &#8211; Bo\u00eete postale 1304, L-1013 Luxembourg\n    <\/p>\n\n    <p class=\"external-link-card__phone\">\n        +352 43 53 66-1\n    <\/p>\n\n     <a href=\"mailto:fedil@fedil.lu\" target=\"_blank\" class=\"external-link-card__email js-external-link-card__email\">\n         fedil@fedil.lu\n     <\/a>\n\n\n     <div>\n         <a class=\"external-link-card__website\" target=\"_blank\" href=\"https:\/\/www.fedilhealthcorporations.lu\/\" >\n             https:\/\/www.fedilhealthcorporations.lu\/\n         <\/a>\n     <\/div>\n\n<\/div>\n            <\/div>\n<\/div>\n\n\n<p><\/p>\n","protected":false},"excerpt":{"rendered":"","protected":false},"author":16,"featured_media":0,"parent":0,"menu_order":0,"comment_status":"closed","ping_status":"closed","template":"tpl-full-width.php","meta":{"_acf_changed":false,"footnotes":""},"class_list":["post-37959","page","type-page","status-publish","hentry"],"acf":[],"_links":{"self":[{"href":"https:\/\/fedil.lu\/en\/wp-json\/wp\/v2\/pages\/37959","targetHints":{"allow":["GET"]}}],"collection":[{"href":"https:\/\/fedil.lu\/en\/wp-json\/wp\/v2\/pages"}],"about":[{"href":"https:\/\/fedil.lu\/en\/wp-json\/wp\/v2\/types\/page"}],"author":[{"embeddable":true,"href":"https:\/\/fedil.lu\/en\/wp-json\/wp\/v2\/users\/16"}],"replies":[{"embeddable":true,"href":"https:\/\/fedil.lu\/en\/wp-json\/wp\/v2\/comments?post=37959"}],"version-history":[{"count":10,"href":"https:\/\/fedil.lu\/en\/wp-json\/wp\/v2\/pages\/37959\/revisions"}],"predecessor-version":[{"id":66478,"href":"https:\/\/fedil.lu\/en\/wp-json\/wp\/v2\/pages\/37959\/revisions\/66478"}],"wp:attachment":[{"href":"https:\/\/fedil.lu\/en\/wp-json\/wp\/v2\/media?parent=37959"}],"curies":[{"name":"wp","href":"https:\/\/api.w.org\/{rel}","templated":true}]}}