{"id":295,"date":"2017-01-10T11:24:53","date_gmt":"2017-01-10T11:24:53","guid":{"rendered":"http:\/\/www.fedil.lu\/misson-vision\/"},"modified":"2022-03-07T17:10:39","modified_gmt":"2022-03-07T16:10:39","slug":"vision-mission","status":"publish","type":"page","link":"https:\/\/fedil.lu\/fr\/vision-mission\/","title":{"rendered":"Vision &#038; Mission"},"content":{"rendered":"<div class=\"text-block js-section\">\n    <h2 class=\"text-block__title\" data-page-navigation=\"Notre vision pour l&#039;industrie et les entreprises\">\n        Notre vision pour l&#039;industrie et les entreprises\n    <\/h2>\n    <div class=\"text-block__text format-text\">\n        <p>Partout en Europe, nos entreprises, quel que soit leur secteur d\u2019activit\u00e9, sont confront\u00e9es \u00e0 un changement de paradigme social, environnemental et technologique modifiant en profondeur leurs mod\u00e8les d\u2019affaires. Ceci arrive \u00e0 un moment o\u00f9 l\u2019Europe, premi\u00e8re puissance \u00e9conomique mondiale, doit \u00e9galement g\u00e9rer les d\u00e9fis li\u00e9s \u00e0 son vieillissement d\u00e9mographique. La recherche de talents est ainsi devenue doublement cruciale pour soutenir la puissance de son \u00e9conomie et pour accompagner l\u2019innovation indispensable \u00e0 sa transition. La course aux talents, aujourd\u2019hui globalis\u00e9e, constitue un enjeu majeur pour l\u2019Europe et ses entreprises.<\/p>\n<p>L\u2019entreprise de demain sera encore plus ouverte au monde, elle op\u00e9rera en r\u00e9seaux, aura su tirer parti de la r\u00e9volution digitale dans le respect des ressources finies. Les talents qui permettront l\u2019innovation et l\u2019agilit\u00e9 ne sont plus une option mais un imp\u00e9ratif.<\/p>\n<p>Le Luxembourg est un hub naturellement et historiquement ouvert aux fronti\u00e8res g\u00e9ographiques et \u00e0 celles de l\u2019innovation. Notre taille permet de cultiver notre agilit\u00e9, notre multi-modularit\u00e9 nous aide \u00e0 nous connecter au monde et notre solidit\u00e9 \u00e0 p\u00e9renniser notre avenir. Nous avons tous les atouts pour r\u00e9ussir la transition!<\/p>\n<p>Il nous faut pour cela continuer \u00e0 renforcer notre coop\u00e9ration sur les enjeux d\u2019avenir, acc\u00e9l\u00e9rer le \u00ab time to market \u00bb et d\u00e9velopper notre capacit\u00e9 \u00e0 former, finalement, nous connecter aux talents de demain. C\u2019est ainsi que la success story luxembourgeoise pourra continuer.<\/p>\n\n    <\/div>\n<\/div>\n\n\n\n<div class=\"text-list-block js-section\">\n    <h2 class=\"text-list-block__title\" data-page-navigation=\"Notre mission\">\n        Notre mission\n    <\/h2>\n    <p class=\" text-list-block__text\">Notre vocation r\u00e9side dans la volont\u00e9 de dispenser un appui sans faille gr\u00e2ce \u00e0 un r\u00e9seau dynamique et efficace. La FEDIL est une f\u00e9d\u00e9ration \u00e0 l&#039;esprit entrepreneurial, r\u00e9solument proactive et tourn\u00e9e vers l&#039;avenir, au service de ses adh\u00e9rents, entrepreneurs et industriels d&#039;aujourd&#039;hui et de demain,<\/p>\n    <div class=\"text-list__inner\">\n                    <div>\n                <div class=\"text-list__card\">\n                    <span class=\"text-list__card__ghost\"><\/span>\n                    <span class=\"text-list-card__item\">\n                        <span class=\"text-list__card__title\">anticipant leurs enjeux \u00e0 venir, \u00e9clairant au quotidien leurs d\u00e9cisions, et les aidant \u00e0 saisir toutes les opportunit\u00e9s li\u00e9es \u00e0 la transition technologique et environnementale,<\/span>\n                    <\/span>\n                <\/div>\n            <\/div>\n                    <div>\n                <div class=\"text-list__card\">\n                    <span class=\"text-list__card__ghost\"><\/span>\n                    <span class=\"text-list-card__item\">\n                        <span class=\"text-list__card__title\">d\u00e9veloppant les meilleures synergies autour des projets de d\u00e9veloppement de nos membres au Luxembourg et \u00e0 l\u2019international,<\/span>\n                    <\/span>\n                <\/div>\n            <\/div>\n                    <div>\n                <div class=\"text-list__card\">\n                    <span class=\"text-list__card__ghost\"><\/span>\n                    <span class=\"text-list-card__item\">\n                        <span class=\"text-list__card__title\">nourrissant un dialogue constructif avec l\u2019ensemble des parties prenantes de notre \u00e9cosyst\u00e8me au Luxembourg et \u00e0 l\u2019international<\/span>\n                    <\/span>\n                <\/div>\n            <\/div>\n                    <div>\n                <div class=\"text-list__card\">\n                    <span class=\"text-list__card__ghost\"><\/span>\n                    <span class=\"text-list-card__item\">\n                        <span class=\"text-list__card__title\">et contribuant ainsi \u00e0 renforcer les fili\u00e8res d\u2019excellence et la croissance durable des entreprises au Luxembourg, pour faire du Luxembourg \u00ab the best place for business \u00bb.<\/span>\n                    <\/span>\n                <\/div>\n            <\/div>\n            <\/div>\n<\/div>","protected":false},"excerpt":{"rendered":"","protected":false},"author":16,"featured_media":0,"parent":0,"menu_order":0,"comment_status":"closed","ping_status":"closed","template":"","meta":{"_acf_changed":false,"footnotes":""},"class_list":["post-295","page","type-page","status-publish","hentry"],"acf":[],"_links":{"self":[{"href":"https:\/\/fedil.lu\/fr\/wp-json\/wp\/v2\/pages\/295","targetHints":{"allow":["GET"]}}],"collection":[{"href":"https:\/\/fedil.lu\/fr\/wp-json\/wp\/v2\/pages"}],"about":[{"href":"https:\/\/fedil.lu\/fr\/wp-json\/wp\/v2\/types\/page"}],"author":[{"embeddable":true,"href":"https:\/\/fedil.lu\/fr\/wp-json\/wp\/v2\/users\/16"}],"replies":[{"embeddable":true,"href":"https:\/\/fedil.lu\/fr\/wp-json\/wp\/v2\/comments?post=295"}],"version-history":[{"count":19,"href":"https:\/\/fedil.lu\/fr\/wp-json\/wp\/v2\/pages\/295\/revisions"}],"predecessor-version":[{"id":50687,"href":"https:\/\/fedil.lu\/fr\/wp-json\/wp\/v2\/pages\/295\/revisions\/50687"}],"wp:attachment":[{"href":"https:\/\/fedil.lu\/fr\/wp-json\/wp\/v2\/media?parent=295"}],"curies":[{"name":"wp","href":"https:\/\/api.w.org\/{rel}","templated":true}]}}