{"id":34698,"date":"2021-08-31T17:23:55","date_gmt":"2021-08-31T15:23:55","guid":{"rendered":"https:\/\/fedil.lu\/?page_id=34698"},"modified":"2025-04-11T10:58:13","modified_gmt":"2025-04-11T08:58:13","slug":"nos-sujets","status":"publish","type":"page","link":"https:\/\/fedil.lu\/fr\/nos-sujets\/","title":{"rendered":"Nos Sujets"},"content":{"rendered":"\n<div class=\"our-topics-block\">\n    <h1 class=\"our-topics__title\">\n        Nos Sujets\n    <\/h1>\n    <div class=\"our-topics__inner\">\n        <div class=\"our-topics__content\">\n            <h2 class=\"our-topics__subtitle\">\n                Nous travaillons sur une grande vari\u00e9t\u00e9 de sujets d\u2019avenir.\n            <\/h2>\n            <div class=\"our-topics__text format-text\">\n                <span>La FEDIL agit et parle pour plus de 750 entreprises de toutes tailles et actives dans des secteurs vari\u00e9s. M\u00eame si elles sont diff\u00e9rentes, ces entreprises ont toutes besoin des m\u00eames conditions de base pour cro\u00eetre et ainsi contribuer \u00e0 la prosp\u00e9rit\u00e9 de l\u2019\u00e9cosyst\u00e8me luxembourgeois. Notre programme d\u2019actions peut largement contribuer \u00e0 ce que vous r\u00e9alisiez cet objectif de croissance durable.<br \/>\r\n<br \/>\r\nLes travaux de conseil et l\u2019offre de services de la FEDIL en faveur de ses membres, tout comme ses efforts de promotion de l\u2019industrie et de l\u2019entrepreneuriat, s\u2019organisent autour d\u2019un choix d\u2019axes th\u00e9matiques au carrefour des int\u00e9r\u00eats des entreprises d\u2019un c\u00f4t\u00e9 et les r\u00e9alit\u00e9s socio-\u00e9conomiques nationales et internationales de l\u2019autre.<\/span>\n            <\/div>\n        <\/div>\n        <div class=\"our-topics__container\">\n            <div class=\"our-topics__media\">\n                <ul class=\"our-topics__media__list\">\n                                            <li class=\"our-topics__card\">\n                            <span class=\"our-topics__image-shape\">\n                                <img decoding=\"async\" src=\"https:\/\/fedil.lu\/wp-content\/uploads\/2017\/01\/BANNER_SUBJECT_DI-512x1024.png\" srcset=\"https:\/\/fedil.lu\/wp-content\/uploads\/2017\/01\/BANNER_SUBJECT_DI-240x480.png 500w, https:\/\/fedil.lu\/wp-content\/uploads\/2017\/01\/BANNER_SUBJECT_DI-512x1024.png 1000w\" class=\"our-topics__image\" loading=\"lazy\"  \/>\n                            <\/span>\n                            <a class=\"our-topics__media__card\" href=\"https:\/\/fedil.lu\/fr\/topics\/digital-innovation\/\">\n                                <h2 class=\"our-topics__media__card__category\">Digital &#038; Innovation<\/h2>\n                                <div>\n                                    <span class=\"read-more-link read-more-link--white\">\n                                        <span class=\"read-more-link__text\">D\u00e9couvrir<\/span>\n                                            <i class=\"icon icon--arrow-right read-more-link__icon\" style=\"\">\n        <span class=\"a11y__vo-only\"><\/span>\n        <svg tabindex=\"-1\" aria-hidden=\"true\" focusable=\"false\" ><use xlink:href=\"https:\/\/fedil.lu\/wp-content\/themes\/fedil-website\/assets\/dist\/images\/icons.svg?v=1.3.3#arrow-right\"\/><\/svg>\n    <\/i>\n                                    <\/span>\n                                <\/div>\n                            <\/a>\n                        <\/li>\n                                            <li class=\"our-topics__card\">\n                            <span class=\"our-topics__image-shape\">\n                                <img decoding=\"async\" src=\"https:\/\/fedil.lu\/wp-content\/uploads\/2017\/01\/BANNER_SUBJECT_EEE-512x1024.png\" srcset=\"https:\/\/fedil.lu\/wp-content\/uploads\/2017\/01\/BANNER_SUBJECT_EEE-240x480.png 500w, https:\/\/fedil.lu\/wp-content\/uploads\/2017\/01\/BANNER_SUBJECT_EEE-512x1024.png 1000w\" class=\"our-topics__image\" loading=\"lazy\"  \/>\n                            <\/span>\n                            <a class=\"our-topics__media__card\" href=\"https:\/\/fedil.lu\/fr\/topics\/environnement-energie\/\">\n                                <h2 class=\"our-topics__media__card__category\">Environnement &#038; \u00c9nergie<\/h2>\n                                <div>\n                                    <span class=\"read-more-link read-more-link--white\">\n                                        <span class=\"read-more-link__text\">D\u00e9couvrir<\/span>\n                                            <i class=\"icon icon--arrow-right read-more-link__icon\" style=\"\">\n        <span class=\"a11y__vo-only\"><\/span>\n        <svg tabindex=\"-1\" aria-hidden=\"true\" focusable=\"false\" ><use xlink:href=\"https:\/\/fedil.lu\/wp-content\/themes\/fedil-website\/assets\/dist\/images\/icons.svg?v=1.3.3#arrow-right\"\/><\/svg>\n    <\/i>\n                                    <\/span>\n                                <\/div>\n                            <\/a>\n                        <\/li>\n                                            <li class=\"our-topics__card\">\n                            <span class=\"our-topics__image-shape\">\n                                <img decoding=\"async\" src=\"https:\/\/fedil.lu\/wp-content\/uploads\/2017\/01\/BANNER_SUBJECT_RTT-512x1024.png\" srcset=\"https:\/\/fedil.lu\/wp-content\/uploads\/2017\/01\/BANNER_SUBJECT_RTT-240x480.png 500w, https:\/\/fedil.lu\/wp-content\/uploads\/2017\/01\/BANNER_SUBJECT_RTT-512x1024.png 1000w\" class=\"our-topics__image\" loading=\"lazy\"  \/>\n                            <\/span>\n                            <a class=\"our-topics__media__card\" href=\"https:\/\/fedil.lu\/fr\/topics\/relations-de-travail-talents\/\">\n                                <h2 class=\"our-topics__media__card__category\">Relations de Travail &#038; Talents<\/h2>\n                                <div>\n                                    <span class=\"read-more-link read-more-link--white\">\n                                        <span class=\"read-more-link__text\">D\u00e9couvrir<\/span>\n                                            <i class=\"icon icon--arrow-right read-more-link__icon\" style=\"\">\n        <span class=\"a11y__vo-only\"><\/span>\n        <svg tabindex=\"-1\" aria-hidden=\"true\" focusable=\"false\" ><use xlink:href=\"https:\/\/fedil.lu\/wp-content\/themes\/fedil-website\/assets\/dist\/images\/icons.svg?v=1.3.3#arrow-right\"\/><\/svg>\n    <\/i>\n                                    <\/span>\n                                <\/div>\n                            <\/a>\n                        <\/li>\n                                    <\/ul>\n            <\/div>\n        <\/div>\n    <\/div>\n    <div class=\"our-topics__button-wrapper\">\n        <div class=\"our-topics__button\">\n            <span class=\"our-topics__button__text\">Ce que vous recherchez n&#039;est pas inclus dans les rubriques principales?<\/span>\n            <div class=\"our-topics__button__inner\">\n                <a class=\"read-more-link read-more-link--white\" href=\"https:\/\/fedil.lu\/fr\/topics\/autre-sujets\/\">\n                    <h2 class=\"read-more-link__text\">Autres sujets<\/h2>\n                        <i class=\"icon icon--arrow-right read-more-link__icon\" style=\"\">\n        <span class=\"a11y__vo-only\"><\/span>\n        <svg tabindex=\"-1\" aria-hidden=\"true\" focusable=\"false\" ><use xlink:href=\"https:\/\/fedil.lu\/wp-content\/themes\/fedil-website\/assets\/dist\/images\/icons.svg?v=1.3.3#arrow-right\"\/><\/svg>\n    <\/i>\n                <\/a>\n            <\/div>\n        <\/div>\n    <\/div>\n<\/div>","protected":false},"excerpt":{"rendered":"","protected":false},"author":8,"featured_media":0,"parent":0,"menu_order":0,"comment_status":"closed","ping_status":"closed","template":"tpl-full-width.php","meta":{"_acf_changed":false,"footnotes":""},"class_list":["post-34698","page","type-page","status-publish","hentry"],"acf":[],"_links":{"self":[{"href":"https:\/\/fedil.lu\/fr\/wp-json\/wp\/v2\/pages\/34698","targetHints":{"allow":["GET"]}}],"collection":[{"href":"https:\/\/fedil.lu\/fr\/wp-json\/wp\/v2\/pages"}],"about":[{"href":"https:\/\/fedil.lu\/fr\/wp-json\/wp\/v2\/types\/page"}],"author":[{"embeddable":true,"href":"https:\/\/fedil.lu\/fr\/wp-json\/wp\/v2\/users\/8"}],"replies":[{"embeddable":true,"href":"https:\/\/fedil.lu\/fr\/wp-json\/wp\/v2\/comments?post=34698"}],"version-history":[{"count":10,"href":"https:\/\/fedil.lu\/fr\/wp-json\/wp\/v2\/pages\/34698\/revisions"}],"predecessor-version":[{"id":70450,"href":"https:\/\/fedil.lu\/fr\/wp-json\/wp\/v2\/pages\/34698\/revisions\/70450"}],"wp:attachment":[{"href":"https:\/\/fedil.lu\/fr\/wp-json\/wp\/v2\/media?parent=34698"}],"curies":[{"name":"wp","href":"https:\/\/api.w.org\/{rel}","templated":true}]}}