{"id":34842,"date":"2021-09-08T14:37:08","date_gmt":"2021-09-08T12:37:08","guid":{"rendered":"https:\/\/fedil.lu\/?page_id=34842"},"modified":"2021-12-30T08:22:11","modified_gmt":"2021-12-30T07:22:11","slug":"login","status":"publish","type":"page","link":"https:\/\/fedil.lu\/fr\/login\/","title":{"rendered":"Login"},"content":{"rendered":"\n    <div class=\"login-block\">\n        <div class=\"login__member-info\">\n            <div class=\"login__member-info__inner\">\n                <div class=\"login__member-info__title\">\n                    Login Membre\n                <\/div>\n                                    <div style=\"color: #FF4749;\">Les cookies requis doivent \u00eatre accept\u00e9s avant de pouvoir vous connecter \u00e0 l&#039;espace membres.<\/div>\n                            <\/div>\n\n        <\/div>\n        <div class=\"login__details\">\n                <i class=\"icon icon--home-herosection-all-shapes login__details__icon\" style=\"\">\n        <span class=\"a11y__vo-only\"><\/span>\n        <svg tabindex=\"-1\" aria-hidden=\"true\" focusable=\"false\" ><use xlink:href=\"https:\/\/fedil.lu\/wp-content\/themes\/fedil-website\/assets\/dist\/images\/geometrical-shapes.svg?v=1.3.3#home-herosection-all-shapes\"\/><\/svg>\n    <\/i>\n            <div class=\"login__details-wrapper\">\n                <div class=\"login__details__inner-wrapper\">\n                    <div class=\"login__details__inner\">\n                        <div class=\"login__details__title\">\n                            Devenez Membre\n                        <\/div>\n                        <div class=\"login__details__intro\">\n                            Notre force r\u00e9side en notre capacit\u00e9 unique \u00e0 mobiliser un \u00e9cosyst\u00e8me puissant permettant de soutenir le d\u00e9veloppement des projets entrepreneuriaux de nos membres. Ce pouvoir d\u2019action est rendu possible gr\u00e2ce \u00e0 :\n                        <\/div>\n                        <ul class=\"login__details__items\">\n                                                            <li class=\"login__details__item\">\n                                    <span class=\"login__details__item__number\">1<\/span>\n                                    <span>Notre approche r\u00e9solument proactive des enjeux \u00e9conomiques, sociaux, environnementaux et technologiques.<\/span>\n                                <\/li>\n                                                            <li class=\"login__details__item\">\n                                    <span class=\"login__details__item__number\">2<\/span>\n                                    <span>La diversit\u00e9 et l\u2019excellence des profils qui caract\u00e9risent notre hub d\u2019experts, que cela soit sur des enjeux sectoriels ou de gestion op\u00e9rationnelle.<\/span>\n                                <\/li>\n                                                            <li class=\"login__details__item\">\n                                    <span class=\"login__details__item__number\">3<\/span>\n                                    <span>Notre capacit\u00e9 de networking au plus haut niveau au Luxembourg et \u00e0 l\u2019international.<\/span>\n                                <\/li>\n                                                            <li class=\"login__details__item\">\n                                    <span class=\"login__details__item__number\">4<\/span>\n                                    <span>Notre niveau d\u2019engagement dans la protection des int\u00e9r\u00eats de nos membres et de leurs talents \u00e0 l\u2019\u00e9chelle internationale.<\/span>\n                                <\/li>\n                                                    <\/ul>\n                    <\/div>\n                <\/div>\n                <div class=\"login__details__button\">\n                    <a class=\"button\" href=\"http:\/\/fedil.lu\/fr\/devenez-membre\/\">\n                        Devenez Membre\n                    <\/a>\n                <\/div>\n            <\/div>\n        <\/div>\n    <\/div>\n","protected":false},"excerpt":{"rendered":"","protected":false},"author":8,"featured_media":0,"parent":0,"menu_order":0,"comment_status":"closed","ping_status":"closed","template":"tpl-full-width.php","meta":{"_acf_changed":false,"footnotes":""},"class_list":["post-34842","page","type-page","status-publish","hentry"],"acf":[],"_links":{"self":[{"href":"https:\/\/fedil.lu\/fr\/wp-json\/wp\/v2\/pages\/34842","targetHints":{"allow":["GET"]}}],"collection":[{"href":"https:\/\/fedil.lu\/fr\/wp-json\/wp\/v2\/pages"}],"about":[{"href":"https:\/\/fedil.lu\/fr\/wp-json\/wp\/v2\/types\/page"}],"author":[{"embeddable":true,"href":"https:\/\/fedil.lu\/fr\/wp-json\/wp\/v2\/users\/8"}],"replies":[{"embeddable":true,"href":"https:\/\/fedil.lu\/fr\/wp-json\/wp\/v2\/comments?post=34842"}],"version-history":[{"count":8,"href":"https:\/\/fedil.lu\/fr\/wp-json\/wp\/v2\/pages\/34842\/revisions"}],"predecessor-version":[{"id":41697,"href":"https:\/\/fedil.lu\/fr\/wp-json\/wp\/v2\/pages\/34842\/revisions\/41697"}],"wp:attachment":[{"href":"https:\/\/fedil.lu\/fr\/wp-json\/wp\/v2\/media?parent=34842"}],"curies":[{"name":"wp","href":"https:\/\/api.w.org\/{rel}","templated":true}]}}