{"id":65007,"date":"2023-11-28T11:53:56","date_gmt":"2023-11-28T10:53:56","guid":{"rendered":"https:\/\/fedil.lu\/?page_id=65007"},"modified":"2023-11-29T09:04:25","modified_gmt":"2023-11-29T08:04:25","slug":"recherche-et-innovation-2023","status":"publish","type":"page","link":"https:\/\/fedil.lu\/fr\/recherche-et-innovation-2023\/","title":{"rendered":"Recherche et innovation"},"content":{"rendered":"<div class=\"text-block js-section\">\n    <h2 class=\"text-block__title\" data-page-navigation=\"\">\n        \n    <\/h2>\n    <div class=\"text-block__text format-text\">\n        <ol id=\"haut\">\n<li><a href=\"#1\">1. Enseignement sup\u00e9rieur et recherche \/ \u00e9cosyst\u00e8me RDI \/ gouvernance de la recherche publique<\/a><\/li>\n<li><a href=\"#2\">2. Investissement dans la RDI \/ Aides RDI<\/a><\/li>\n<li><a href=\"#3\">3. Propri\u00e9t\u00e9 intellectuelle \/ valorisation de la recherche <\/a><\/li>\n<\/ol>\n<p><a href=\"https:\/\/fedil.lu\/fr\/publications\/analyse-du-programme-gouvernemental-2\/#sujets\">(Retour aux grands sujets analys\u00e9s)<\/a><\/p>\n<hr \/>\n\n    <\/div>\n<\/div>\n\n<div class=\"text-block js-section\">\n    <h2 class=\"text-block__title\" data-page-navigation=\"\">\n        \n    <\/h2>\n    <div class=\"text-block__text format-text\">\n        <h2 id=\"1\">1. Enseignement sup\u00e9rieur et recherche \/ \u00e9cosyst\u00e8me RDI \/ gouvernance de la recherche publique<\/h2>\n<h3 id='s-1-1-intentions-du-gouvernement'>1.1. Intentions du Gouvernement<\/h3>\n<p>(* num\u00e9ro de page dans l\u2019accord de coalition 2023-2028)<\/p>\n<h5 id='s-engagement-fort-et-consequent-dans-lenseignement-superieur-et-la-recherche'>Engagement fort et cons\u00e9quent dans l\u2019enseignement sup\u00e9rieur et la recherche<\/h5>\n<p><em>Le Gouvernement poursuivra l\u2019ambition de soutenir le d\u00e9veloppement \u00e9conomique, social et \u00e9cologique de notre soci\u00e9t\u00e9 par un engagement fort et cons\u00e9quent dans l\u2019enseignement sup\u00e9rieur et la recherche. Une recherche publique reconnue au niveau international contribue non seulement au progr\u00e8s scientifique en g\u00e9n\u00e9ral, mais aidera \u00e9galement notre pays \u00e0 se pr\u00e9parer aux nombreux d\u00e9fis \u00e0 venir. Les divers acteurs de la recherche publique s&rsquo;engageront de mani\u00e8re cibl\u00e9e dans des secteurs soutenant les changements technologiques, \u00e9conomiques et soci\u00e9taux. Un enseignement sup\u00e9rieur de haute qualit\u00e9 \u00e9quipera les jeunes de comp\u00e9tences n\u00e9cessaires pour trouver leur place dans le monde de demain de m\u00eame qu&rsquo;il jouera un r\u00f4le important pour attirer des jeunes talents vers le Luxembourg. (*p.133)<\/em><\/p>\n<h5 id='s-schools-a-linterieur-de-luniversite-du-luxembourg-nouveaux-centres-interdisciplinaires'>\u00ab schools \u00bb \u00e0 l\u2019int\u00e9rieur de l\u2019Universit\u00e9 du Luxembourg &#8211; nouveaux centres interdisciplinaires<\/h5>\n<p><em>Le Gouvernement d\u00e9veloppera, en concertation avec l\u2019Universit\u00e9 du Luxembourg, un concept pour la cr\u00e9ation de \u00ab schools \u00bb \u00e0 l\u2019int\u00e9rieur de l\u2019Universit\u00e9 du Luxembourg. Une \u00e9ventuelle adaptation de la loi sur l\u2019Universit\u00e9 du Luxembourg permettra l\u2019int\u00e9gration des formations dans les domaines de l\u2019\u00e9ducation et de la m\u00e9decine et des soins, dans une \u00ab educational school \u00bb et une \u00ab medical school \u00bb. \u2026<\/em><\/p>\n<p><em>L\u2019Universit\u00e9 du Luxembourg sera encourag\u00e9e \u00e0 \u00e9tablir de nouveaux centres interdisciplinaires dans les domaines du d\u00e9veloppement durable et du droit europ\u00e9en. (*p.133)<\/em><\/p>\n<h5 id='s-formation-des-medecins-a-luniversite-du-luxembourg'>Formation des m\u00e9decins \u00e0 l\u2019Universit\u00e9 du Luxembourg<\/h5>\n<p><em>La formation des m\u00e9decins \u00e0 l\u2019Universit\u00e9 du Luxembourg sera progressivement d\u00e9velopp\u00e9e. Apr\u00e8s l\u2019\u00e9valuation de la formation de Bachelor en m\u00e9decine, l\u2019Universit\u00e9 pr\u00e9parera la mise en place d\u2019un programme de Master correspondant en \u00e9troite collaboration avec le secteur de la sant\u00e9. (*p.134)<\/em><\/p>\n<h5 id='s-strategie-nationale-de-recherche-et-dinnovation'>Strat\u00e9gie nationale de recherche et d\u2019innovation<\/h5>\n<p><em>La strat\u00e9gie nationale de recherche et d\u2019innovation sera r\u00e9guli\u00e8rement adapt\u00e9e. Les quatre grands domaines qui y sont mentionn\u00e9s seront d\u00e9velopp\u00e9s, \u00e0 savoir : la transformation des services de l\u2019industrie ; la m\u00e9decine personnalis\u00e9e ; l\u2019\u00e9ducation du 21e si\u00e8cle ; la transition \u00e9nerg\u00e9tique.<\/em><\/p>\n<h5 id='s-fonds-national-de-la-recherche'>Fonds national de la recherche<\/h5>\n<p><em>Le cadre l\u00e9gal du fonds national de la recherche sera revu en vue de mieux r\u00e9pondre aux besoins des institutions de recherche et de les soutenir dans leurs efforts de mise en \u0153uvre de la strat\u00e9gie nationale de la recherche et de l\u2019innovation.<\/em><\/p>\n<p><em>Un accent sera \u00e9galement mis sur le domaine de l\u2019intelligence artificielle. (*p.135)<\/em><\/p>\n<h5 id='s-liens-plus-etroits-entre-les-acteurs-de-linnovation'>Liens plus \u00e9troits entre les acteurs de l\u2019innovation<\/h5>\n<p><em>Des liens plus \u00e9troits seront cr\u00e9\u00e9s entre les acteurs de l\u2019innovation, notamment Luxinnovation, le Fonds national de la recherche, les incubateurs et l\u2019Institut de la Propri\u00e9t\u00e9 Intellectuelle Luxembourg. (*p.135)<\/em><\/p>\n<h5 id='s-developpement-de-capacites-europeennes-de-securite-et-de-defense-avec-lapport-de-lindustrie-et-de-la-recherche'>D\u00e9veloppement de capacit\u00e9s europ\u00e9ennes de s\u00e9curit\u00e9 et de d\u00e9fense avec l\u2019apport de l\u2019industrie et de la recherche<\/h5>\n<p><em>La collaboration entre Luxinnovation et la Direction de la D\u00e9fense sera poursuivie afin de soutenir le d\u00e9veloppement de capacit\u00e9s europ\u00e9ennes de s\u00e9curit\u00e9 et de d\u00e9fense avec l\u2019apport de l\u2019industrie et de la recherche luxembourgeoises. (*p.153)<\/em><\/p>\n<h3 id='s-1-2-evaluation-du-point-de-vue-de-la-fedil'>1.2. \u00c9valuation du point de vue de la FEDIL<\/h3>\n<p>Pour la FEDIL, les activit\u00e9s de la Recherche-D\u00e9veloppement et de l\u2019Innovation sont un facteur important de notre comp\u00e9titivit\u00e9 et repr\u00e9sentent un important catalyseur de notre d\u00e9veloppement \u00e9conomique et de la croissance du bien-\u00eatre de notre pays.<\/p>\n<p>La transition \u00e9nerg\u00e9tique et la digitalisation vont consid\u00e9rablement d\u00e9terminer la comp\u00e9titivit\u00e9 de notre \u00e9conomie \u00e0 l\u2019avenir. La recherche et l\u2019innovation seront cruciales pour r\u00e9ussir ces deux d\u00e9fis majeurs. Par cons\u00e9quent, il est important de veiller \u00e0 ce que les comp\u00e9tences des acteurs de la recherche publique puissent soutenir, en cas de besoin, les entreprises dans les domaines de la transformation num\u00e9rique (intelligence artificielle, data, technologies \u2018industrie 4.0\u2019) et de la transition \u00e9nerg\u00e9tique (d\u00e9carbonisation, sustainability, \u2026). Il faut rapprocher tous les acteurs de la recherche pour d\u00e9velopper en commun les solutions, produits et technologies futurs.<\/p>\n<p>Par ailleurs, la FEDIL est d\u2019avis qu\u2019il faut continuer \u00e0 d\u00e9velopper de fa\u00e7on cons\u00e9quente l\u2019\u00e9cosyst\u00e8me RDI et mettre en place des parcs technologiques et scientifiques stimulant le transfert des connaissances et technologies parmi les acteurs de la recherche publique et les entreprises.<\/p>\n<p><a href=\"#haut\">(Retour aux sujets analys\u00e9s dans le domaine Recherche et innovation)<\/a><\/p>\n<hr \/>\n<h2 id=\"2\">2. Investissement dans la RDI \/ Aides RDI<\/h2>\n<h3 id='s-2-1-intentions-du-gouvernement'>2.1. Intentions du Gouvernement<\/h3>\n<p>(* num\u00e9ro de page dans l\u2019accord de coalition 2023-2028)<\/p>\n<h5 id='s-technologie-blockchain'>Technologie blockchain<\/h5>\n<p><em>Dans les ann\u00e9es \u00e0 venir, le Gouvernement continuera de promouvoir la recherche, le d\u00e9veloppement et la formation dans ce domaine (technologie blockchain), dans le but d&rsquo;\u00e9tablir le Luxembourg en tant que plateforme blockchain de premier plan en Europe. (*p.7)<\/em><\/p>\n<h5 id='s-infrastructures-de-luniversite-du-luxembourg'>Infrastructures de l\u2019Universit\u00e9 du Luxembourg<\/h5>\n<p><em>Le campus de Belval sera d\u00e9velopp\u00e9 afin de r\u00e9pondre aux besoins en infrastructures de l\u2019Universit\u00e9 du Luxembourg ainsi que des diff\u00e9rents centres de recherche publics. Au Kirchberg, un campus moderne sera am\u00e9nag\u00e9 pour accueillir la Facult\u00e9 de Droit, d&rsquo;\u00c9conomie et de Finance et le nouveau centre interdisciplinaire en droit europ\u00e9en de l\u2019Universit\u00e9, qui restent \u00e0 Luxembourg-Ville.<\/em><\/p>\n<p><em>Les infrastructures de recherche n\u00e9cessaires pour le d\u00e9veloppement des domaines prioritaires de recherche seront mises en place. (*p.133)<\/em><\/p>\n<h5 id='s-agence-de-transfert'>Agence de transfert<\/h5>\n<p><em>Une agence de transfert sera cr\u00e9\u00e9e pour les d\u00e9veloppements et les brevets issus des recherches de l\u2019Universit\u00e9 du Luxembourg et des centres de recherche publics.<\/em><\/p>\n<p><em>La possibilit\u00e9 d\u2019une participation de l\u2019Universit\u00e9 du Luxembourg au capital de start-ups sera analys\u00e9e. (*p.134)<\/em><\/p>\n<h5 id='s-regimes-daides-a-la-recherche-au-developpement-et-a-linnovation'>R\u00e9gimes d&rsquo;aides \u00e0 la recherche, au d\u00e9veloppement et \u00e0 l&rsquo;innovation<\/h5>\n<p><em>Dans le cadre de la mise en \u0153uvre des futures dispositions du projet de loi ayant pour objet le renouvellement des r\u00e9gimes d&rsquo;aides \u00e0 la recherche, au d\u00e9veloppement et \u00e0 l&rsquo;innovation, le Gouvernement renforcera le recours aux appels \u00e0 projets, et notamment ceux financ\u00e9s conjointement avec le Fonds National de la Recherche et avec le soutien de Luxinnovation, incitant ainsi les entreprises \u00e0 collaborer avec les organismes de recherche publics dans des domaines cl\u00e9s pour la diversification \u00e9conomique du pays. (*p.149)<\/em><\/p>\n<p><em>Le Gouvernement soutiendra la mise en place d\u2019un impliquant notamment des entreprises innovantes, des start-ups et la recherche publique. (*p.152)<\/em><\/p>\n<h5 id='s-european-space-resources-innovation-centre'>European Space Resources Innovation Centre<\/h5>\n<p><em>Le d\u00e9veloppement du European Space Resources Innovation Centre (ESRIC) est une priorit\u00e9 que le Gouvernement continuera \u00e0 soutenir et \u00e0 financer. Il sera particuli\u00e8rement important d\u2019amener des technologies luxembourgeoises \u00e0 la surface de la lune. (*p.152)<\/em><\/p>\n<h3 id='s-2-2-evaluation-du-point-de-vue-de-la-fedil'>2.2. \u00c9valuation du point de vue de la FEDIL<\/h3>\n<p>La FEDIL salue la volont\u00e9 du Gouvernement de continuer \u00e0 investir dans la recherche publique et \u00e0 soutenir les entreprises dans leurs efforts de recherche, de d\u00e9veloppement et d\u2019innovation. Ces investissements sont d\u2019autant plus importants pour le bon d\u00e9veloppement des activit\u00e9s dans les domaines du healthtech, du digital, de l\u2019espace, des technologies vertes et des mat\u00e9riaux.<\/p>\n<p>Pour r\u00e9ussir la transition \u00e9nerg\u00e9tique et la transformation num\u00e9rique, les entreprises doivent investir dans la recherche et l\u2019innovation et ont besoin d\u2019aides. FEDIL est d\u2019avis qu\u2019il faut utiliser l\u2019enti\u00e8re marge de man\u0153uvre que laisse la Commission europ\u00e9enne dans la mise en \u0153uvre de r\u00e9gimes d\u2019aides \u00e0 la RDI destin\u00e9es aux entreprises.<\/p>\n<p>La FEDIL se f\u00e9licite en particulier de l&rsquo;annonce du Gouvernement de soutenir la cr\u00e9ation d&rsquo;un parc scientifique et technologique d\u00e9di\u00e9 aux activit\u00e9s de recherche collaborative parce qu\u2019elle fait la promotion d\u2019un tel concept depuis quelques ann\u00e9es. La FEDIL s\u2019attend \u00e0 une mise en \u0153uvre rapide d\u2019un parc technologique, et ceci \u00e0 proximit\u00e9 imm\u00e9diate des acteurs de la recherche \u00e0 Belval afin d\u2019y rassembler des activit\u00e9s de recherche, des centres de formation de haut niveau et des industries de pointe.<\/p>\n<p><a href=\"#haut\">(Retour aux sujets analys\u00e9s dans le domaine Recherche et innovation)<\/a><\/p>\n<hr \/>\n<h2 id=\"3\">3. Propri\u00e9t\u00e9 intellectuelle \/ valorisation de la recherche<\/h2>\n<h3 id='s-3-1-intentions-du-gouvernement'>3.1. Intentions du Gouvernement<\/h3>\n<p>(* num\u00e9ro de page dans l\u2019accord de coalition 2023-2028)<\/p>\n<h5 id='s-agence-de-transfert-17'>Agence de transfert<\/h5>\n<p><em>Une agence de transfert sera cr\u00e9\u00e9e pour les d\u00e9veloppements et les brevets issus des recherches de l\u2019Universit\u00e9 du Luxembourg et des centres de recherche publics.<\/em><\/p>\n<p><em>La possibilit\u00e9 d\u2019une participation de l\u2019Universit\u00e9 du Luxembourg au capital de start-ups sera analys\u00e9e. (*p.134)<\/em><\/p>\n<p><em>Le Gouvernement soutiendra la cr\u00e9ation et le financement de spin-off de l\u2019universit\u00e9 et des organismes de recherche en mettant en place un support d\u00e9di\u00e9. (*p.149)<\/em><\/p>\n<h5 id='s-agence-luxembourgeoise-de-la-propriete-intellectuelle-alpi'>Agence luxembourgeoise de la Propri\u00e9t\u00e9 Intellectuelle (ALPI)<\/h5>\n<p><em>En vue d\u2019exploiter pleinement le potentiel de la propri\u00e9t\u00e9 intellectuelle dans un contexte de transition \u00e9cologique et num\u00e9rique, le Gouvernement cr\u00e9era une Agence luxembourgeoise de la Propri\u00e9t\u00e9 Intellectuelle (ALPI), se composant de l\u2019Office de la Propri\u00e9t\u00e9 Intellectuelle (OPI) et de l\u2019Institut Luxembourgeois de la Propri\u00e9t\u00e9 Intellectuelle (IPIL). (*p.155)<\/em><\/p>\n<h5 id='s-loi-sur-les-brevets-dinvention'>Loi sur les brevets d\u2019invention<\/h5>\n<p><em>La loi sur les brevets d\u2019invention sera r\u00e9vis\u00e9e afin de tenir compte de l\u2019\u00e9volution au cours des derni\u00e8res ann\u00e9es. (*p.155)<\/em><\/p>\n<h5 id='s-politique-coherente-de-transfert-ou-dacces-a-la-propriete-intellectuelle'>Politique coh\u00e9rente de transfert ou d\u2019acc\u00e8s \u00e0 la propri\u00e9t\u00e9 intellectuelle<\/h5>\n<p><em>Le Gouvernement soutiendra la mise en place d\u2019une politique coh\u00e9rente de transfert ou d\u2019acc\u00e8s \u00e0 la propri\u00e9t\u00e9 intellectuelle g\u00e9n\u00e9r\u00e9e par l\u2019universit\u00e9 et les organismes de recherche ou par des entreprises, ind\u00e9pendamment de leur taille, en ayant comme objectif principal la cr\u00e9ation d\u2019emplois et de valeur ajout\u00e9e au Luxembourg. (*p.155)<\/em><\/p>\n<h3 id='s-3-2-evaluation-du-point-de-vue-de-la-fedil'>3.2. \u00c9valuation du point de vue de la FEDIL<\/h3>\n<p>En ce qui concerne la valorisation des r\u00e9sultats de la recherche publique et le transfert technologique, la FEDIL est d\u2019avis qu\u2019il faut d\u00e9finir une politique de valorisation commune aux organismes de recherche publique (sans ignorer que la mise en \u0153uvre doit r\u00e9pondre aux exigences sp\u00e9cifiques des diff\u00e9rents secteurs) et y inclure un crit\u00e8re pour mesurer l\u2019impact. Il faudrait davantage former les chercheurs et les inciter \u00e0 veiller au potentiel de valorisation de leurs travaux de recherche d\u00e8s le d\u00e9part des projets et mettre en place des instruments de d\u00e9tection du potentiel de valorisation.<\/p>\n<p>Le Gouvernement va aussi devoir proposer une r\u00e9ponse \u00e0 la question du partage des droits de propri\u00e9t\u00e9 intellectuelle cr\u00e9\u00e9s dans le cadre des projets d\u2019innovation collaborative et qu\u2019il faudra proposer des contrats-types et des lignes directrices afin d\u2019aider les entreprises et les organismes de recherche \u00e0 mieux g\u00e9rer cet aspect.<\/p>\n<p>Au niveau fiscal, la FEDIL est d\u2019avis que le Luxembourg devrait garder son attractivit\u00e9 et disposer d\u2019un r\u00e9gime de propri\u00e9t\u00e9 intellectuelle \u00ab\u00a0IP box\u00a0\u00bb, en ligne avec BEPS, qui inciterait les entreprises \u00e0 rester au Luxembourg et \u00e0 investir dans le capital de connaissances. Un \u00e9l\u00e9ment important pour le d\u00e9veloppement de quelques secteurs cl\u00e9s comme p.ex le healthtech, le digital, l\u2019espace, \u2026.<\/p>\n<p><a href=\"#haut\">(Retour aux sujets analys\u00e9s dans le domaine Recherche et innovation)<\/a><\/p>\n\n    <\/div>\n<\/div>","protected":false},"excerpt":{"rendered":"","protected":false},"author":14,"featured_media":0,"parent":0,"menu_order":0,"comment_status":"closed","ping_status":"closed","template":"","meta":{"_acf_changed":false,"footnotes":""},"class_list":["post-65007","page","type-page","status-publish","hentry"],"acf":[],"_links":{"self":[{"href":"https:\/\/fedil.lu\/fr\/wp-json\/wp\/v2\/pages\/65007","targetHints":{"allow":["GET"]}}],"collection":[{"href":"https:\/\/fedil.lu\/fr\/wp-json\/wp\/v2\/pages"}],"about":[{"href":"https:\/\/fedil.lu\/fr\/wp-json\/wp\/v2\/types\/page"}],"author":[{"embeddable":true,"href":"https:\/\/fedil.lu\/fr\/wp-json\/wp\/v2\/users\/14"}],"replies":[{"embeddable":true,"href":"https:\/\/fedil.lu\/fr\/wp-json\/wp\/v2\/comments?post=65007"}],"version-history":[{"count":13,"href":"https:\/\/fedil.lu\/fr\/wp-json\/wp\/v2\/pages\/65007\/revisions"}],"predecessor-version":[{"id":65241,"href":"https:\/\/fedil.lu\/fr\/wp-json\/wp\/v2\/pages\/65007\/revisions\/65241"}],"wp:attachment":[{"href":"https:\/\/fedil.lu\/fr\/wp-json\/wp\/v2\/media?parent=65007"}],"curies":[{"name":"wp","href":"https:\/\/api.w.org\/{rel}","templated":true}]}}